{"id":11424,"date":"2023-06-01T07:07:00","date_gmt":"2023-06-01T07:07:00","guid":{"rendered":"https:\/\/www.assoshunters.com\/?page_id=11424"},"modified":"2025-08-08T07:45:12","modified_gmt":"2025-08-08T07:45:12","slug":"lagos-restaurant","status":"publish","type":"page","link":"https:\/\/www.assoshunters.com\/en\/lagos-restaurant\/","title":{"rendered":"Lagos Restaurant"},"content":{"rendered":"<div data-elementor-type=\"wp-page\" data-elementor-id=\"11424\" class=\"elementor elementor-11424\" data-elementor-post-type=\"page\">\n\t\t\t\t<div class=\"elementor-element elementor-element-ce69cbd e-flex e-con-boxed qodef-elementor-content-no e-con e-parent\" data-id=\"ce69cbd\" data-element_type=\"container\">\n\t\t\t\t\t<div class=\"e-con-inner\">\n\t\t<div class=\"elementor-element elementor-element-2194772 e-con-full e-flex qodef-elementor-content-no e-con e-child\" data-id=\"2194772\" data-element_type=\"container\">\n\t\t\t\t<div class=\"elementor-element elementor-element-54b56fc elementor-widget elementor-widget-image\" data-id=\"54b56fc\" data-element_type=\"widget\" data-widget_type=\"image.default\">\n\t\t\t\t<div class=\"elementor-widget-container\">\n\t\t\t\t\t\t\t\t\t\t\t\t\t\t\t<img fetchpriority=\"high\" decoding=\"async\" width=\"1024\" height=\"683\" src=\"https:\/\/www.assoshunters.com\/wp-content\/uploads\/2024\/01\/3M0A7227-1024x683.jpg\" class=\"attachment-large size-large wp-image-11730\" alt=\"\" srcset=\"https:\/\/www.assoshunters.com\/wp-content\/uploads\/2024\/01\/3M0A7227-1024x683.jpg 1024w, https:\/\/www.assoshunters.com\/wp-content\/uploads\/2024\/01\/3M0A7227-300x200.jpg 300w, https:\/\/www.assoshunters.com\/wp-content\/uploads\/2024\/01\/3M0A7227-768x512.jpg 768w, https:\/\/www.assoshunters.com\/wp-content\/uploads\/2024\/01\/3M0A7227-1536x1024.jpg 1536w, https:\/\/www.assoshunters.com\/wp-content\/uploads\/2024\/01\/3M0A7227-2048x1365.jpg 2048w, https:\/\/www.assoshunters.com\/wp-content\/uploads\/2024\/01\/3M0A7227-18x12.jpg 18w, https:\/\/www.assoshunters.com\/wp-content\/uploads\/2024\/01\/3M0A7227-600x400.jpg 600w\" sizes=\"(max-width: 1024px) 100vw, 1024px\" \/>\t\t\t\t\t\t\t\t\t\t\t\t\t\t\t<\/div>\n\t\t\t\t<\/div>\n\t\t\t\t<\/div>\n\t\t<div class=\"elementor-element elementor-element-105bcff e-con-full e-flex qodef-elementor-content-no e-con e-child\" data-id=\"105bcff\" data-element_type=\"container\">\n\t\t<div class=\"elementor-element elementor-element-572262c e-flex e-con-boxed qodef-elementor-content-no e-con e-child\" data-id=\"572262c\" data-element_type=\"container\">\n\t\t\t\t\t<div class=\"e-con-inner\">\n\t\t\t\t<div class=\"elementor-element elementor-element-3884b06 elementor-widget elementor-widget-heading\" data-id=\"3884b06\" data-element_type=\"widget\" data-widget_type=\"heading.default\">\n\t\t\t\t<div class=\"elementor-widget-container\">\n\t\t\t\t\t<h2 class=\"elementor-heading-title elementor-size-default\">Lagos Restaurant <\/h2>\t\t\t\t<\/div>\n\t\t\t\t<\/div>\n\t\t\t\t\t<\/div>\n\t\t\t\t<\/div>\n\t\t<div class=\"elementor-element elementor-element-54e8e22 e-flex e-con-boxed qodef-elementor-content-no e-con e-child\" data-id=\"54e8e22\" data-element_type=\"container\">\n\t\t\t\t\t<div class=\"e-con-inner\">\n\t\t\t\t<div class=\"elementor-element elementor-element-a154ee2 elementor-widget elementor-widget-text-editor\" data-id=\"a154ee2\" data-element_type=\"widget\" data-widget_type=\"text-editor.default\">\n\t\t\t\t<div class=\"elementor-widget-container\">\n\t\t\t\t\t\t\t\t\t<p>Our restaurant, where you can experience the best tastes of the Aegean cuisine, hosts a feast of taste where our chefs showcase their skills to our guests.<\/p>\t\t\t\t\t\t\t\t<\/div>\n\t\t\t\t<\/div>\n\t\t\t\t<div class=\"elementor-element elementor-element-ca65c7c elementor-align-center elementor-widget elementor-widget-button\" data-id=\"ca65c7c\" data-element_type=\"widget\" data-widget_type=\"button.default\">\n\t\t\t\t<div class=\"elementor-widget-container\">\n\t\t\t\t\t\t\t\t\t<div class=\"elementor-button-wrapper\">\n\t\t\t\t\t<a class=\"elementor-button elementor-button-link elementor-size-sm\" href=\"https:\/\/34065.menu.elektraweb.com\/tr\/Lagos-Assos\" target=\"_blank\">\n\t\t\t\t\t\t<span class=\"elementor-button-content-wrapper\">\n\t\t\t\t\t\t\t\t\t<span class=\"elementor-button-text\">Click to view the menu<\/span>\n\t\t\t\t\t<\/span>\n\t\t\t\t\t<\/a>\n\t\t\t\t<\/div>\n\t\t\t\t\t\t\t\t<\/div>\n\t\t\t\t<\/div>\n\t\t\t\t\t<\/div>\n\t\t\t\t<\/div>\n\t\t\t\t<\/div>\n\t\t\t\t\t<\/div>\n\t\t\t\t<\/div>\n\t\t<div class=\"elementor-element elementor-element-89dbb51 e-flex e-con-boxed qodef-elementor-content-no e-con e-parent\" data-id=\"89dbb51\" data-element_type=\"container\">\n\t\t\t\t\t<div class=\"e-con-inner\">\n\t\t<div class=\"elementor-element elementor-element-f9870ba e-con-full e-flex qodef-elementor-content-no e-con e-child\" data-id=\"f9870ba\" data-element_type=\"container\">\n\t\t\t\t<div class=\"elementor-element elementor-element-cf2c57b elementor-widget elementor-widget-image\" data-id=\"cf2c57b\" data-element_type=\"widget\" data-widget_type=\"image.default\">\n\t\t\t\t<div class=\"elementor-widget-container\">\n\t\t\t\t\t\t\t\t\t\t\t\t\t\t\t<img decoding=\"async\" width=\"1024\" height=\"576\" src=\"https:\/\/www.assoshunters.com\/wp-content\/uploads\/2023\/05\/image00035-1024x576.jpg\" class=\"attachment-large size-large wp-image-11164\" alt=\"\" srcset=\"https:\/\/www.assoshunters.com\/wp-content\/uploads\/2023\/05\/image00035-1024x576.jpg 1024w, https:\/\/www.assoshunters.com\/wp-content\/uploads\/2023\/05\/image00035-300x169.jpg 300w, https:\/\/www.assoshunters.com\/wp-content\/uploads\/2023\/05\/image00035-768x432.jpg 768w, https:\/\/www.assoshunters.com\/wp-content\/uploads\/2023\/05\/image00035-1536x864.jpg 1536w, https:\/\/www.assoshunters.com\/wp-content\/uploads\/2023\/05\/image00035-600x338.jpg 600w, https:\/\/www.assoshunters.com\/wp-content\/uploads\/2023\/05\/image00035.jpg 1920w\" sizes=\"(max-width: 1024px) 100vw, 1024px\" \/>\t\t\t\t\t\t\t\t\t\t\t\t\t\t\t<\/div>\n\t\t\t\t<\/div>\n\t\t\t\t<\/div>\n\t\t<div class=\"elementor-element elementor-element-bd8f9d9 e-con-full e-flex qodef-elementor-content-no e-con e-child\" data-id=\"bd8f9d9\" data-element_type=\"container\">\n\t\t\t\t<div class=\"elementor-element elementor-element-79dd50d elementor-widget elementor-widget-image\" data-id=\"79dd50d\" data-element_type=\"widget\" data-widget_type=\"image.default\">\n\t\t\t\t<div class=\"elementor-widget-container\">\n\t\t\t\t\t\t\t\t\t\t\t\t\t\t\t<img decoding=\"async\" width=\"1024\" height=\"576\" src=\"https:\/\/www.assoshunters.com\/wp-content\/uploads\/2023\/05\/image00175-1024x576.jpg\" class=\"attachment-large size-large wp-image-11304\" alt=\"\" srcset=\"https:\/\/www.assoshunters.com\/wp-content\/uploads\/2023\/05\/image00175-1024x576.jpg 1024w, https:\/\/www.assoshunters.com\/wp-content\/uploads\/2023\/05\/image00175-300x169.jpg 300w, https:\/\/www.assoshunters.com\/wp-content\/uploads\/2023\/05\/image00175-768x432.jpg 768w, https:\/\/www.assoshunters.com\/wp-content\/uploads\/2023\/05\/image00175-1536x864.jpg 1536w, https:\/\/www.assoshunters.com\/wp-content\/uploads\/2023\/05\/image00175-600x338.jpg 600w, https:\/\/www.assoshunters.com\/wp-content\/uploads\/2023\/05\/image00175.jpg 1920w\" sizes=\"(max-width: 1024px) 100vw, 1024px\" \/>\t\t\t\t\t\t\t\t\t\t\t\t\t\t\t<\/div>\n\t\t\t\t<\/div>\n\t\t\t\t<\/div>\n\t\t<div class=\"elementor-element elementor-element-241adcc e-con-full e-flex qodef-elementor-content-no e-con e-child\" data-id=\"241adcc\" data-element_type=\"container\">\n\t\t\t\t<div class=\"elementor-element elementor-element-88f60ad elementor-widget elementor-widget-image\" data-id=\"88f60ad\" data-element_type=\"widget\" data-widget_type=\"image.default\">\n\t\t\t\t<div class=\"elementor-widget-container\">\n\t\t\t\t\t\t\t\t\t\t\t\t\t\t\t<img loading=\"lazy\" decoding=\"async\" width=\"1024\" height=\"576\" src=\"https:\/\/www.assoshunters.com\/wp-content\/uploads\/2023\/05\/image00151-1024x576.jpg\" class=\"attachment-large size-large wp-image-11280\" alt=\"\" srcset=\"https:\/\/www.assoshunters.com\/wp-content\/uploads\/2023\/05\/image00151-1024x576.jpg 1024w, https:\/\/www.assoshunters.com\/wp-content\/uploads\/2023\/05\/image00151-300x169.jpg 300w, https:\/\/www.assoshunters.com\/wp-content\/uploads\/2023\/05\/image00151-768x432.jpg 768w, https:\/\/www.assoshunters.com\/wp-content\/uploads\/2023\/05\/image00151-1536x864.jpg 1536w, https:\/\/www.assoshunters.com\/wp-content\/uploads\/2023\/05\/image00151-600x338.jpg 600w, https:\/\/www.assoshunters.com\/wp-content\/uploads\/2023\/05\/image00151.jpg 1920w\" sizes=\"(max-width: 1024px) 100vw, 1024px\" \/>\t\t\t\t\t\t\t\t\t\t\t\t\t\t\t<\/div>\n\t\t\t\t<\/div>\n\t\t\t\t<\/div>\n\t\t<div class=\"elementor-element elementor-element-6a0783e e-con-full e-flex qodef-elementor-content-no e-con e-child\" data-id=\"6a0783e\" data-element_type=\"container\">\n\t\t\t\t<div class=\"elementor-element elementor-element-8b2c462 elementor-widget elementor-widget-image\" data-id=\"8b2c462\" data-element_type=\"widget\" data-widget_type=\"image.default\">\n\t\t\t\t<div class=\"elementor-widget-container\">\n\t\t\t\t\t\t\t\t\t\t\t\t\t\t\t<img loading=\"lazy\" decoding=\"async\" width=\"1024\" height=\"576\" src=\"https:\/\/www.assoshunters.com\/wp-content\/uploads\/2023\/05\/image00135-1024x576.jpg\" class=\"attachment-large size-large wp-image-11264\" alt=\"\" srcset=\"https:\/\/www.assoshunters.com\/wp-content\/uploads\/2023\/05\/image00135-1024x576.jpg 1024w, https:\/\/www.assoshunters.com\/wp-content\/uploads\/2023\/05\/image00135-300x169.jpg 300w, https:\/\/www.assoshunters.com\/wp-content\/uploads\/2023\/05\/image00135-768x432.jpg 768w, https:\/\/www.assoshunters.com\/wp-content\/uploads\/2023\/05\/image00135-1536x864.jpg 1536w, https:\/\/www.assoshunters.com\/wp-content\/uploads\/2023\/05\/image00135-600x338.jpg 600w, https:\/\/www.assoshunters.com\/wp-content\/uploads\/2023\/05\/image00135.jpg 1920w\" sizes=\"(max-width: 1024px) 100vw, 1024px\" \/>\t\t\t\t\t\t\t\t\t\t\t\t\t\t\t<\/div>\n\t\t\t\t<\/div>\n\t\t\t\t<\/div>\n\t\t\t\t\t<\/div>\n\t\t\t\t<\/div>\n\t\t<div class=\"elementor-element elementor-element-e08f833 e-flex e-con-boxed qodef-elementor-content-no e-con e-parent\" data-id=\"e08f833\" data-element_type=\"container\">\n\t\t\t\t\t<div class=\"e-con-inner\">\n\t\t\t\t<div class=\"elementor-element elementor-element-d6c9bd5 elementor-widget elementor-widget-qi_addons_for_elementor_image_gallery_masonry\" data-id=\"d6c9bd5\" data-element_type=\"widget\" data-widget_type=\"qi_addons_for_elementor_image_gallery_masonry.default\">\n\t\t\t\t<div class=\"elementor-widget-container\">\n\t\t\t\t\t<div class=\"qodef-shortcode qodef-m qodef-qi-image-gallery-masonry qodef-qi-fslightbox-popup qodef-popup-gallery qodef-image--hover-zoom qodef-qi-grid qodef-layout--qi-masonry qodef-items--fixed qodef-col-num--3 qodef-responsive--predefined\">\n\t<div class=\"qodef-grid-inner\">\n\t\t\t<div class=\"qodef-qi-grid-masonry-sizer\"><\/div>\n<div class=\"qodef-e qodef-image-wrapper qodef-grid-item qodef-item--\">\n\t<div class=\"qodef-e-inner\">\n\t\t\t\t\t<a class=\"qodef-popup-item\" itemprop=\"image\" href=\"https:\/\/www.assoshunters.com\/wp-content\/uploads\/2025\/08\/AUR05183.jpg\" data-type=\"image\" data-fslightbox=\"gallery-1\">\n\t\t\t\t\t<img loading=\"lazy\" decoding=\"async\" width=\"1281\" height=\"1920\" src=\"https:\/\/www.assoshunters.com\/wp-content\/uploads\/2025\/08\/AUR05183.jpg\" class=\"attachment- size-\" alt=\"\" srcset=\"https:\/\/www.assoshunters.com\/wp-content\/uploads\/2025\/08\/AUR05183.jpg 1281w, https:\/\/www.assoshunters.com\/wp-content\/uploads\/2025\/08\/AUR05183-200x300.jpg 200w, https:\/\/www.assoshunters.com\/wp-content\/uploads\/2025\/08\/AUR05183-683x1024.jpg 683w, https:\/\/www.assoshunters.com\/wp-content\/uploads\/2025\/08\/AUR05183-768x1151.jpg 768w, https:\/\/www.assoshunters.com\/wp-content\/uploads\/2025\/08\/AUR05183-1025x1536.jpg 1025w, https:\/\/www.assoshunters.com\/wp-content\/uploads\/2025\/08\/AUR05183-8x12.jpg 8w\" sizes=\"(max-width: 1281px) 100vw, 1281px\" \/>\t\t\t\t\t<\/a>\n\t\t\t<\/div>\n<\/div>\n<div class=\"qodef-e qodef-image-wrapper qodef-grid-item qodef-item--\">\n\t<div class=\"qodef-e-inner\">\n\t\t\t\t\t<a class=\"qodef-popup-item\" itemprop=\"image\" href=\"https:\/\/www.assoshunters.com\/wp-content\/uploads\/2025\/08\/AUR05179.jpg\" data-type=\"image\" data-fslightbox=\"gallery-1\">\n\t\t\t\t\t<img loading=\"lazy\" decoding=\"async\" width=\"1281\" height=\"1920\" src=\"https:\/\/www.assoshunters.com\/wp-content\/uploads\/2025\/08\/AUR05179.jpg\" class=\"attachment- size-\" alt=\"\" srcset=\"https:\/\/www.assoshunters.com\/wp-content\/uploads\/2025\/08\/AUR05179.jpg 1281w, https:\/\/www.assoshunters.com\/wp-content\/uploads\/2025\/08\/AUR05179-200x300.jpg 200w, https:\/\/www.assoshunters.com\/wp-content\/uploads\/2025\/08\/AUR05179-683x1024.jpg 683w, https:\/\/www.assoshunters.com\/wp-content\/uploads\/2025\/08\/AUR05179-768x1151.jpg 768w, https:\/\/www.assoshunters.com\/wp-content\/uploads\/2025\/08\/AUR05179-1025x1536.jpg 1025w, https:\/\/www.assoshunters.com\/wp-content\/uploads\/2025\/08\/AUR05179-8x12.jpg 8w\" sizes=\"(max-width: 1281px) 100vw, 1281px\" \/>\t\t\t\t\t<\/a>\n\t\t\t<\/div>\n<\/div>\n<div class=\"qodef-e qodef-image-wrapper qodef-grid-item qodef-item--\">\n\t<div class=\"qodef-e-inner\">\n\t\t\t\t\t<a class=\"qodef-popup-item\" itemprop=\"image\" href=\"https:\/\/www.assoshunters.com\/wp-content\/uploads\/2025\/08\/AUR05113.jpg\" data-type=\"image\" data-fslightbox=\"gallery-1\">\n\t\t\t\t\t<img loading=\"lazy\" decoding=\"async\" width=\"1281\" height=\"1920\" src=\"https:\/\/www.assoshunters.com\/wp-content\/uploads\/2025\/08\/AUR05113.jpg\" class=\"attachment- size-\" alt=\"\" srcset=\"https:\/\/www.assoshunters.com\/wp-content\/uploads\/2025\/08\/AUR05113.jpg 1281w, https:\/\/www.assoshunters.com\/wp-content\/uploads\/2025\/08\/AUR05113-200x300.jpg 200w, https:\/\/www.assoshunters.com\/wp-content\/uploads\/2025\/08\/AUR05113-683x1024.jpg 683w, https:\/\/www.assoshunters.com\/wp-content\/uploads\/2025\/08\/AUR05113-768x1151.jpg 768w, https:\/\/www.assoshunters.com\/wp-content\/uploads\/2025\/08\/AUR05113-1025x1536.jpg 1025w, https:\/\/www.assoshunters.com\/wp-content\/uploads\/2025\/08\/AUR05113-8x12.jpg 8w\" sizes=\"(max-width: 1281px) 100vw, 1281px\" \/>\t\t\t\t\t<\/a>\n\t\t\t<\/div>\n<\/div>\n<div class=\"qodef-e qodef-image-wrapper qodef-grid-item qodef-item--\">\n\t<div class=\"qodef-e-inner\">\n\t\t\t\t\t<a class=\"qodef-popup-item\" itemprop=\"image\" href=\"https:\/\/www.assoshunters.com\/wp-content\/uploads\/2025\/08\/DSC02424.jpg\" data-type=\"image\" data-fslightbox=\"gallery-1\">\n\t\t\t\t\t<img loading=\"lazy\" decoding=\"async\" width=\"1280\" height=\"1920\" src=\"https:\/\/www.assoshunters.com\/wp-content\/uploads\/2025\/08\/DSC02424.jpg\" class=\"attachment- size-\" alt=\"\" srcset=\"https:\/\/www.assoshunters.com\/wp-content\/uploads\/2025\/08\/DSC02424.jpg 1280w, https:\/\/www.assoshunters.com\/wp-content\/uploads\/2025\/08\/DSC02424-200x300.jpg 200w, https:\/\/www.assoshunters.com\/wp-content\/uploads\/2025\/08\/DSC02424-683x1024.jpg 683w, https:\/\/www.assoshunters.com\/wp-content\/uploads\/2025\/08\/DSC02424-768x1152.jpg 768w, https:\/\/www.assoshunters.com\/wp-content\/uploads\/2025\/08\/DSC02424-1024x1536.jpg 1024w, https:\/\/www.assoshunters.com\/wp-content\/uploads\/2025\/08\/DSC02424-8x12.jpg 8w\" sizes=\"(max-width: 1280px) 100vw, 1280px\" \/>\t\t\t\t\t<\/a>\n\t\t\t<\/div>\n<\/div>\n<div class=\"qodef-e qodef-image-wrapper qodef-grid-item qodef-item--\">\n\t<div class=\"qodef-e-inner\">\n\t\t\t\t\t<a class=\"qodef-popup-item\" itemprop=\"image\" href=\"https:\/\/www.assoshunters.com\/wp-content\/uploads\/2025\/08\/DSC02389.jpg\" data-type=\"image\" data-fslightbox=\"gallery-1\">\n\t\t\t\t\t<img loading=\"lazy\" decoding=\"async\" width=\"1280\" height=\"1920\" src=\"https:\/\/www.assoshunters.com\/wp-content\/uploads\/2025\/08\/DSC02389.jpg\" class=\"attachment- size-\" alt=\"\" srcset=\"https:\/\/www.assoshunters.com\/wp-content\/uploads\/2025\/08\/DSC02389.jpg 1280w, https:\/\/www.assoshunters.com\/wp-content\/uploads\/2025\/08\/DSC02389-200x300.jpg 200w, https:\/\/www.assoshunters.com\/wp-content\/uploads\/2025\/08\/DSC02389-683x1024.jpg 683w, https:\/\/www.assoshunters.com\/wp-content\/uploads\/2025\/08\/DSC02389-768x1152.jpg 768w, https:\/\/www.assoshunters.com\/wp-content\/uploads\/2025\/08\/DSC02389-1024x1536.jpg 1024w, https:\/\/www.assoshunters.com\/wp-content\/uploads\/2025\/08\/DSC02389-8x12.jpg 8w\" sizes=\"(max-width: 1280px) 100vw, 1280px\" \/>\t\t\t\t\t<\/a>\n\t\t\t<\/div>\n<\/div>\n<div class=\"qodef-e qodef-image-wrapper qodef-grid-item qodef-item--\">\n\t<div class=\"qodef-e-inner\">\n\t\t\t\t\t<a class=\"qodef-popup-item\" itemprop=\"image\" href=\"https:\/\/www.assoshunters.com\/wp-content\/uploads\/2025\/08\/DSC02417.webp\" data-type=\"image\" data-fslightbox=\"gallery-1\">\n\t\t\t\t\t<img loading=\"lazy\" decoding=\"async\" width=\"1280\" height=\"1920\" src=\"https:\/\/www.assoshunters.com\/wp-content\/uploads\/2025\/08\/DSC02417.webp\" class=\"attachment- size-\" alt=\"\" srcset=\"https:\/\/www.assoshunters.com\/wp-content\/uploads\/2025\/08\/DSC02417.webp 1280w, https:\/\/www.assoshunters.com\/wp-content\/uploads\/2025\/08\/DSC02417-200x300.webp 200w, https:\/\/www.assoshunters.com\/wp-content\/uploads\/2025\/08\/DSC02417-683x1024.webp 683w, https:\/\/www.assoshunters.com\/wp-content\/uploads\/2025\/08\/DSC02417-768x1152.webp 768w, https:\/\/www.assoshunters.com\/wp-content\/uploads\/2025\/08\/DSC02417-1024x1536.webp 1024w, https:\/\/www.assoshunters.com\/wp-content\/uploads\/2025\/08\/DSC02417-8x12.webp 8w\" sizes=\"(max-width: 1280px) 100vw, 1280px\" \/>\t\t\t\t\t<\/a>\n\t\t\t<\/div>\n<\/div>\n\t<\/div>\n<\/div>\n\t\t\t\t<\/div>\n\t\t\t\t<\/div>\n\t\t\t\t\t<\/div>\n\t\t\t\t<\/div>\n\t\t\t\t<\/div>","protected":false},"excerpt":{"rendered":"<p>Lagos Restaurant Our restaurant, where you can experience the best flavors of Aegean cuisine, hosts a feast of flavors where our chefs showcase their skills to our guests. Click to view the menu<\/p>","protected":false},"author":2,"featured_media":0,"parent":0,"menu_order":0,"comment_status":"closed","ping_status":"closed","template":"","meta":{"om_disable_all_campaigns":false,"footnotes":""},"class_list":["post-11424","page","type-page","status-publish","hentry"],"yoast_head":"<!-- This site is optimized with the Yoast SEO plugin v25.6 - https:\/\/yoast.com\/wordpress\/plugins\/seo\/ -->\n<title>Lagos Restaurant - Assos Hunters Hotel<\/title>\n<meta name=\"robots\" content=\"index, follow, max-snippet:-1, max-image-preview:large, max-video-preview:-1\" \/>\n<link rel=\"canonical\" href=\"https:\/\/www.assoshunters.com\/en\/lagos-restaurant\/\" \/>\n<meta property=\"og:locale\" content=\"en_US\" \/>\n<meta property=\"og:type\" content=\"article\" \/>\n<meta property=\"og:title\" content=\"Lagos Restaurant - Assos Hunters Hotel\" \/>\n<meta property=\"og:description\" content=\"Lagos Restoran Ege mutfa\u011f\u0131n\u0131n en g\u00fczel tatlar\u0131n\u0131 deneyimleyebilece\u011finiz restoran\u0131m\u0131z \u015eeflerimizin h\u00fcnerlerini misafirlerimize sergiledi\u011fi bir lezzet \u015f\u00f6lenine ev sahipli\u011fi yapmaktad\u0131r. Men\u00fcy\u00fc incelemek i\u00e7in t\u0131klay\u0131n\" \/>\n<meta property=\"og:url\" content=\"https:\/\/www.assoshunters.com\/en\/lagos-restaurant\/\" \/>\n<meta property=\"og:site_name\" content=\"Assos Hunters Hotel\" \/>\n<meta property=\"article:modified_time\" content=\"2025-08-08T07:45:12+00:00\" \/>\n<meta property=\"og:image\" content=\"https:\/\/www.assoshunters.com\/wp-content\/uploads\/2024\/01\/3M0A7227-scaled.jpg\" \/>\n\t<meta property=\"og:image:width\" content=\"2560\" \/>\n\t<meta property=\"og:image:height\" content=\"1707\" \/>\n\t<meta property=\"og:image:type\" content=\"image\/jpeg\" \/>\n<meta name=\"twitter:card\" content=\"summary_large_image\" \/>\n<meta name=\"twitter:label1\" content=\"Est. reading time\" \/>\n\t<meta name=\"twitter:data1\" content=\"2 minutes\" \/>\n<script type=\"application\/ld+json\" class=\"yoast-schema-graph\">{\"@context\":\"https:\/\/schema.org\",\"@graph\":[{\"@type\":\"WebPage\",\"@id\":\"https:\/\/www.assoshunters.com\/lagos-restaurant\/\",\"url\":\"https:\/\/www.assoshunters.com\/lagos-restaurant\/\",\"name\":\"Lagos Restaurant - Assos Hunters Hotel\",\"isPartOf\":{\"@id\":\"https:\/\/www.assoshunters.com\/en\/#website\"},\"primaryImageOfPage\":{\"@id\":\"https:\/\/www.assoshunters.com\/lagos-restaurant\/#primaryimage\"},\"image\":{\"@id\":\"https:\/\/www.assoshunters.com\/lagos-restaurant\/#primaryimage\"},\"thumbnailUrl\":\"https:\/\/www.assoshunters.com\/wp-content\/uploads\/2024\/01\/3M0A7227-1024x683.jpg\",\"datePublished\":\"2023-06-01T07:07:00+00:00\",\"dateModified\":\"2025-08-08T07:45:12+00:00\",\"breadcrumb\":{\"@id\":\"https:\/\/www.assoshunters.com\/lagos-restaurant\/#breadcrumb\"},\"inLanguage\":\"en-US\",\"potentialAction\":[{\"@type\":\"ReadAction\",\"target\":[\"https:\/\/www.assoshunters.com\/lagos-restaurant\/\"]}]},{\"@type\":\"ImageObject\",\"inLanguage\":\"en-US\",\"@id\":\"https:\/\/www.assoshunters.com\/lagos-restaurant\/#primaryimage\",\"url\":\"https:\/\/www.assoshunters.com\/wp-content\/uploads\/2024\/01\/3M0A7227-1024x683.jpg\",\"contentUrl\":\"https:\/\/www.assoshunters.com\/wp-content\/uploads\/2024\/01\/3M0A7227-1024x683.jpg\"},{\"@type\":\"BreadcrumbList\",\"@id\":\"https:\/\/www.assoshunters.com\/lagos-restaurant\/#breadcrumb\",\"itemListElement\":[{\"@type\":\"ListItem\",\"position\":1,\"name\":\"Anasayfa\",\"item\":\"https:\/\/www.assoshunters.com\/\"},{\"@type\":\"ListItem\",\"position\":2,\"name\":\"Lagos Restaurant\"}]},{\"@type\":\"WebSite\",\"@id\":\"https:\/\/www.assoshunters.com\/en\/#website\",\"url\":\"https:\/\/www.assoshunters.com\/en\/\",\"name\":\"Assos Hunters Hotel\",\"description\":\"Special Class\",\"publisher\":{\"@id\":\"https:\/\/www.assoshunters.com\/en\/#organization\"},\"potentialAction\":[{\"@type\":\"SearchAction\",\"target\":{\"@type\":\"EntryPoint\",\"urlTemplate\":\"https:\/\/www.assoshunters.com\/en\/?s={search_term_string}\"},\"query-input\":{\"@type\":\"PropertyValueSpecification\",\"valueRequired\":true,\"valueName\":\"search_term_string\"}}],\"inLanguage\":\"en-US\"},{\"@type\":\"Organization\",\"@id\":\"https:\/\/www.assoshunters.com\/en\/#organization\",\"name\":\"Assos Hunters Hotel\",\"url\":\"https:\/\/www.assoshunters.com\/en\/\",\"logo\":{\"@type\":\"ImageObject\",\"inLanguage\":\"en-US\",\"@id\":\"https:\/\/www.assoshunters.com\/en\/#\/schema\/logo\/image\/\",\"url\":\"https:\/\/www.assoshunters.com\/wp-content\/uploads\/2023\/05\/logosonbyk-beyaz.png\",\"contentUrl\":\"https:\/\/www.assoshunters.com\/wp-content\/uploads\/2023\/05\/logosonbyk-beyaz.png\",\"width\":3000,\"height\":3000,\"caption\":\"Assos Hunters Hotel\"},\"image\":{\"@id\":\"https:\/\/www.assoshunters.com\/en\/#\/schema\/logo\/image\/\"}}]}<\/script>\n<!-- \/ Yoast SEO plugin. -->","yoast_head_json":{"title":"Lagos Restaurant - Assos Hunters Hotel","robots":{"index":"index","follow":"follow","max-snippet":"max-snippet:-1","max-image-preview":"max-image-preview:large","max-video-preview":"max-video-preview:-1"},"canonical":"https:\/\/www.assoshunters.com\/en\/lagos-restaurant\/","og_locale":"en_US","og_type":"article","og_title":"Lagos Restaurant - Assos Hunters Hotel","og_description":"Lagos Restoran Ege mutfa\u011f\u0131n\u0131n en g\u00fczel tatlar\u0131n\u0131 deneyimleyebilece\u011finiz restoran\u0131m\u0131z \u015eeflerimizin h\u00fcnerlerini misafirlerimize sergiledi\u011fi bir lezzet \u015f\u00f6lenine ev sahipli\u011fi yapmaktad\u0131r. Men\u00fcy\u00fc incelemek i\u00e7in t\u0131klay\u0131n","og_url":"https:\/\/www.assoshunters.com\/en\/lagos-restaurant\/","og_site_name":"Assos Hunters Hotel","article_modified_time":"2025-08-08T07:45:12+00:00","og_image":[{"width":2560,"height":1707,"url":"https:\/\/www.assoshunters.com\/wp-content\/uploads\/2024\/01\/3M0A7227-scaled.jpg","type":"image\/jpeg"}],"twitter_card":"summary_large_image","twitter_misc":{"Est. reading time":"2 minutes"},"schema":{"@context":"https:\/\/schema.org","@graph":[{"@type":"WebPage","@id":"https:\/\/www.assoshunters.com\/lagos-restaurant\/","url":"https:\/\/www.assoshunters.com\/lagos-restaurant\/","name":"Lagos Restaurant - Assos Hunters Hotel","isPartOf":{"@id":"https:\/\/www.assoshunters.com\/en\/#website"},"primaryImageOfPage":{"@id":"https:\/\/www.assoshunters.com\/lagos-restaurant\/#primaryimage"},"image":{"@id":"https:\/\/www.assoshunters.com\/lagos-restaurant\/#primaryimage"},"thumbnailUrl":"https:\/\/www.assoshunters.com\/wp-content\/uploads\/2024\/01\/3M0A7227-1024x683.jpg","datePublished":"2023-06-01T07:07:00+00:00","dateModified":"2025-08-08T07:45:12+00:00","breadcrumb":{"@id":"https:\/\/www.assoshunters.com\/lagos-restaurant\/#breadcrumb"},"inLanguage":"en-US","potentialAction":[{"@type":"ReadAction","target":["https:\/\/www.assoshunters.com\/lagos-restaurant\/"]}]},{"@type":"ImageObject","inLanguage":"en-US","@id":"https:\/\/www.assoshunters.com\/lagos-restaurant\/#primaryimage","url":"https:\/\/www.assoshunters.com\/wp-content\/uploads\/2024\/01\/3M0A7227-1024x683.jpg","contentUrl":"https:\/\/www.assoshunters.com\/wp-content\/uploads\/2024\/01\/3M0A7227-1024x683.jpg"},{"@type":"BreadcrumbList","@id":"https:\/\/www.assoshunters.com\/lagos-restaurant\/#breadcrumb","itemListElement":[{"@type":"ListItem","position":1,"name":"Anasayfa","item":"https:\/\/www.assoshunters.com\/"},{"@type":"ListItem","position":2,"name":"Lagos Restaurant"}]},{"@type":"WebSite","@id":"https:\/\/www.assoshunters.com\/en\/#website","url":"https:\/\/www.assoshunters.com\/en\/","name":"Assos Hunters Hotel","description":"Special Class","publisher":{"@id":"https:\/\/www.assoshunters.com\/en\/#organization"},"potentialAction":[{"@type":"SearchAction","target":{"@type":"EntryPoint","urlTemplate":"https:\/\/www.assoshunters.com\/en\/?s={search_term_string}"},"query-input":{"@type":"PropertyValueSpecification","valueRequired":true,"valueName":"search_term_string"}}],"inLanguage":"en-US"},{"@type":"Organization","@id":"https:\/\/www.assoshunters.com\/en\/#organization","name":"Assos Hunters Hotel","url":"https:\/\/www.assoshunters.com\/en\/","logo":{"@type":"ImageObject","inLanguage":"en-US","@id":"https:\/\/www.assoshunters.com\/en\/#\/schema\/logo\/image\/","url":"https:\/\/www.assoshunters.com\/wp-content\/uploads\/2023\/05\/logosonbyk-beyaz.png","contentUrl":"https:\/\/www.assoshunters.com\/wp-content\/uploads\/2023\/05\/logosonbyk-beyaz.png","width":3000,"height":3000,"caption":"Assos Hunters Hotel"},"image":{"@id":"https:\/\/www.assoshunters.com\/en\/#\/schema\/logo\/image\/"}}]}},"_links":{"self":[{"href":"https:\/\/www.assoshunters.com\/en\/wp-json\/wp\/v2\/pages\/11424","targetHints":{"allow":["GET"]}}],"collection":[{"href":"https:\/\/www.assoshunters.com\/en\/wp-json\/wp\/v2\/pages"}],"about":[{"href":"https:\/\/www.assoshunters.com\/en\/wp-json\/wp\/v2\/types\/page"}],"author":[{"embeddable":true,"href":"https:\/\/www.assoshunters.com\/en\/wp-json\/wp\/v2\/users\/2"}],"replies":[{"embeddable":true,"href":"https:\/\/www.assoshunters.com\/en\/wp-json\/wp\/v2\/comments?post=11424"}],"version-history":[{"count":0,"href":"https:\/\/www.assoshunters.com\/en\/wp-json\/wp\/v2\/pages\/11424\/revisions"}],"wp:attachment":[{"href":"https:\/\/www.assoshunters.com\/en\/wp-json\/wp\/v2\/media?parent=11424"}],"curies":[{"name":"wp","href":"https:\/\/api.w.org\/{rel}","templated":true}]}}