{"id":3550,"date":"2020-12-02T09:13:32","date_gmt":"2020-12-02T09:13:32","guid":{"rendered":"https:\/\/augustine.qodeinteractive.com\/?page_id=3550"},"modified":"2024-04-01T13:55:06","modified_gmt":"2024-04-01T13:55:06","slug":"iletisim","status":"publish","type":"page","link":"https:\/\/www.assoshunters.com\/en\/iletisim\/","title":{"rendered":"Communication"},"content":{"rendered":"<div data-elementor-type=\"wp-page\" data-elementor-id=\"3550\" class=\"elementor elementor-3550\" data-elementor-post-type=\"page\">\n\t\t\t\t\t\t<section class=\"elementor-section elementor-top-section elementor-element elementor-element-16ff598c elementor-section-full_width elementor-section-height-default elementor-section-height-default qodef-elementor-content-no\" data-id=\"16ff598c\" data-element_type=\"section\">\n\t\t\t\t\t\t<div class=\"elementor-container elementor-column-gap-default\">\n\t\t\t\t\t<div class=\"elementor-column elementor-col-100 elementor-top-column elementor-element elementor-element-790400d4\" data-id=\"790400d4\" data-element_type=\"column\">\n\t\t\t<div class=\"elementor-widget-wrap elementor-element-populated\">\n\t\t\t\t\t\t<div class=\"elementor-element elementor-element-74446db elementor-widget elementor-widget-augustine_core_section_title\" data-id=\"74446db\" data-element_type=\"widget\" data-widget_type=\"augustine_core_section_title.default\">\n\t\t\t\t<div class=\"elementor-widget-container\">\n\t\t\t\t\t<div class=\"qodef-shortcode qodef-m  qodef-section-title qodef-alignment--left  qodef-title-appear qodef-title-alt-appear\">\n\t\t\t\t\t<\/div>\t\t\t\t<\/div>\n\t\t\t\t<\/div>\n\t\t\t\t\t<\/div>\n\t\t<\/div>\n\t\t\t\t\t<\/div>\n\t\t<\/section>\n\t\t\t\t<section class=\"elementor-section elementor-top-section elementor-element elementor-element-6e51a79e qodef-elementor-content-grid qodef-green-white-hover elementor-section-boxed elementor-section-height-default elementor-section-height-default\" data-id=\"6e51a79e\" data-element_type=\"section\">\n\t\t\t\t\t\t<div class=\"elementor-container elementor-column-gap-default\">\n\t\t\t\t\t<div class=\"elementor-column elementor-col-50 elementor-top-column elementor-element elementor-element-2936e20e\" data-id=\"2936e20e\" data-element_type=\"column\">\n\t\t\t<div class=\"elementor-widget-wrap elementor-element-populated\">\n\t\t\t\t\t\t<div class=\"elementor-element elementor-element-59ffcda elementor-widget__width-initial elementor-widget-tablet__width-initial elementor-widget elementor-widget-text-editor\" data-id=\"59ffcda\" data-element_type=\"widget\" data-widget_type=\"text-editor.default\">\n\t\t\t\t<div class=\"elementor-widget-container\">\n\t\t\t\t\t\t\t\t\t<p>You can contact us with the message form below, apart from the Open Address, phone and e-mail.<\/p>\t\t\t\t\t\t\t\t<\/div>\n\t\t\t\t<\/div>\n\t\t\t\t<section class=\"elementor-section elementor-inner-section elementor-element elementor-element-13b87add elementor-section-boxed elementor-section-height-default elementor-section-height-default qodef-elementor-content-no\" data-id=\"13b87add\" data-element_type=\"section\">\n\t\t\t\t\t\t<div class=\"elementor-container elementor-column-gap-default\">\n\t\t\t\t\t<div class=\"elementor-column elementor-col-100 elementor-inner-column elementor-element elementor-element-61f7dd0e\" data-id=\"61f7dd0e\" data-element_type=\"column\">\n\t\t\t<div class=\"elementor-widget-wrap elementor-element-populated\">\n\t\t\t\t\t\t<div class=\"elementor-element elementor-element-6adddac9 elementor-widget__width-initial elementor-widget elementor-widget-augustine_core_icon_with_text\" data-id=\"6adddac9\" data-element_type=\"widget\" data-widget_type=\"augustine_core_icon_with_text.default\">\n\t\t\t\t<div class=\"elementor-widget-container\">\n\t\t\t\t\t<div class=\"qodef-shortcode qodef-m  qodef-icon-with-text qodef-layout--before-content qodef--icon-pack\">\n\t<div class=\"qodef-m-icon-wrapper\">\n\t\t<span class=\"qodef-shortcode qodef-m  qodef-icon-holder qodef-size--default qodef-layout--normal\"  >\t        <span class=\"qodef-icon-linea-icons icon-basic-geolocalize-01 qodef-icon qodef-e\" style=\"color: #0B6354;font-size: 25px\" ><\/span>    <\/span>\t<\/div>\n\t<div class=\"qodef-m-content\">\n\t\t\t\t\t<\/div>\n<\/div>\t\t\t\t<\/div>\n\t\t\t\t<\/div>\n\t\t\t\t<div class=\"elementor-element elementor-element-282e1d38 elementor-widget__width-initial elementor-widget-mobile__width-initial elementor-widget elementor-widget-text-editor\" data-id=\"282e1d38\" data-element_type=\"widget\" data-widget_type=\"text-editor.default\">\n\t\t\t\t<div class=\"elementor-widget-container\">\n\t\t\t\t\t\t\t\t\t<p><a href=\"https:\/\/www.google.com\/maps\/place\/Assos+Hunters+Hotel+-+Special+Class\/@39.495116,26.373624,15z\/data=!4m10!3m9!1s0x14b07e61ca837d71:0x3681517bca642d46!5m3!1s2023-06-01!4m1!1i2!8m2!3d39.495116!4d26.373624!16s%2Fg%2F1tf4h6ds?entry=ttu\">Kad\u0131rga Bay, 17860 Behram\/Ayvac\u0131k\/\u00c7anakkale<\/a><\/p>\t\t\t\t\t\t\t\t<\/div>\n\t\t\t\t<\/div>\n\t\t\t\t\t<\/div>\n\t\t<\/div>\n\t\t\t\t\t<\/div>\n\t\t<\/section>\n\t\t\t\t<section class=\"elementor-section elementor-inner-section elementor-element elementor-element-b1ff52f elementor-section-boxed elementor-section-height-default elementor-section-height-default qodef-elementor-content-no\" data-id=\"b1ff52f\" data-element_type=\"section\">\n\t\t\t\t\t\t<div class=\"elementor-container elementor-column-gap-default\">\n\t\t\t\t\t<div class=\"elementor-column elementor-col-100 elementor-inner-column elementor-element elementor-element-e5d6bc4\" data-id=\"e5d6bc4\" data-element_type=\"column\">\n\t\t\t<div class=\"elementor-widget-wrap elementor-element-populated\">\n\t\t\t\t\t\t<div class=\"elementor-element elementor-element-1767768 elementor-widget__width-initial elementor-widget elementor-widget-augustine_core_icon_with_text\" data-id=\"1767768\" data-element_type=\"widget\" data-widget_type=\"augustine_core_icon_with_text.default\">\n\t\t\t\t<div class=\"elementor-widget-container\">\n\t\t\t\t\t<div class=\"qodef-shortcode qodef-m  qodef-icon-with-text qodef-layout--before-content qodef--icon-pack\">\n\t<div class=\"qodef-m-icon-wrapper\">\n\t\t<span class=\"qodef-shortcode qodef-m  qodef-icon-holder qodef-size--default qodef-layout--normal\"  >\t        <span class=\"qodef-icon-linea-icons icon-basic-smartphone qodef-icon qodef-e\" style=\"color: #0B6354;font-size: 25px\" ><\/span>    <\/span>\t<\/div>\n\t<div class=\"qodef-m-content\">\n\t\t\t\t\t<\/div>\n<\/div>\t\t\t\t<\/div>\n\t\t\t\t<\/div>\n\t\t\t\t<div class=\"elementor-element elementor-element-960c20c elementor-widget__width-initial elementor-widget-mobile__width-initial elementor-widget elementor-widget-text-editor\" data-id=\"960c20c\" data-element_type=\"widget\" data-widget_type=\"text-editor.default\">\n\t\t\t\t<div class=\"elementor-widget-container\">\n\t\t\t\t\t\t\t\t\t<p><a href=\"tel:0 286 764 02 82\">0 286 764 02 82<\/a>\u00a0\/<a href=\"tel:05427640282\"> 0 542 764 02 82<\/a><\/p><p><strong>WhatsApp<\/strong> : 0 542 282 51 56<\/p>\t\t\t\t\t\t\t\t<\/div>\n\t\t\t\t<\/div>\n\t\t\t\t\t<\/div>\n\t\t<\/div>\n\t\t\t\t\t<\/div>\n\t\t<\/section>\n\t\t\t\t<section class=\"elementor-section elementor-inner-section elementor-element elementor-element-403f2086 elementor-section-boxed elementor-section-height-default elementor-section-height-default qodef-elementor-content-no\" data-id=\"403f2086\" data-element_type=\"section\">\n\t\t\t\t\t\t<div class=\"elementor-container elementor-column-gap-default\">\n\t\t\t\t\t<div class=\"elementor-column elementor-col-100 elementor-inner-column elementor-element elementor-element-8ae64c1\" data-id=\"8ae64c1\" data-element_type=\"column\">\n\t\t\t<div class=\"elementor-widget-wrap elementor-element-populated\">\n\t\t\t\t\t\t<div class=\"elementor-element elementor-element-2ab2f500 elementor-widget__width-initial elementor-widget elementor-widget-augustine_core_icon_with_text\" data-id=\"2ab2f500\" data-element_type=\"widget\" data-widget_type=\"augustine_core_icon_with_text.default\">\n\t\t\t\t<div class=\"elementor-widget-container\">\n\t\t\t\t\t<div class=\"qodef-shortcode qodef-m  qodef-icon-with-text qodef-layout--before-content qodef--icon-pack\">\n\t<div class=\"qodef-m-icon-wrapper\">\n\t\t<span class=\"qodef-shortcode qodef-m  qodef-icon-holder qodef-size--default qodef-layout--normal\"  >\t        <span class=\"qodef-icon-linea-icons icon-basic-mail qodef-icon qodef-e\" style=\"color: #0B6354;font-size: 25px\" ><\/span>    <\/span>\t<\/div>\n\t<div class=\"qodef-m-content\">\n\t\t\t\t\t<\/div>\n<\/div>\t\t\t\t<\/div>\n\t\t\t\t<\/div>\n\t\t\t\t<div class=\"elementor-element elementor-element-55e5c420 elementor-widget__width-initial elementor-widget-mobile__width-initial elementor-widget elementor-widget-text-editor\" data-id=\"55e5c420\" data-element_type=\"widget\" data-widget_type=\"text-editor.default\">\n\t\t\t\t<div class=\"elementor-widget-container\">\n\t\t\t\t\t\t\t\t\t<p><a href=\"mailto:info@assoshunters.com\"><span style=\"color: #505050;\">info@assoshunters.com<\/span><\/a><\/p><p><a href=\"mailto:rezervasyon@assoshunters.com\"><span style=\"color: #505050;\">rezervasyon@assoshunters.com<\/span><\/a><\/p>\t\t\t\t\t\t\t\t<\/div>\n\t\t\t\t<\/div>\n\t\t\t\t<div class=\"elementor-element elementor-element-75098548 elementor-hidden-tablet elementor-hidden-phone elementor-widget elementor-widget-image\" data-id=\"75098548\" data-element_type=\"widget\" data-widget_type=\"image.default\">\n\t\t\t\t<div class=\"elementor-widget-container\">\n\t\t\t\t\t\t\t\t\t\t\t\t\t\t\t<img decoding=\"async\" width=\"1\" height=\"118\" src=\"https:\/\/www.assoshunters.com\/wp-content\/uploads\/2020\/11\/Line-86.jpg\" class=\"attachment-large size-large wp-image-1430\" alt=\"\" \/>\t\t\t\t\t\t\t\t\t\t\t\t\t\t\t<\/div>\n\t\t\t\t<\/div>\n\t\t\t\t\t<\/div>\n\t\t<\/div>\n\t\t\t\t\t<\/div>\n\t\t<\/section>\n\t\t\t\t\t<\/div>\n\t\t<\/div>\n\t\t\t\t<div class=\"elementor-column elementor-col-50 elementor-top-column elementor-element elementor-element-6175c09c\" data-id=\"6175c09c\" data-element_type=\"column\">\n\t\t\t<div class=\"elementor-widget-wrap elementor-element-populated\">\n\t\t\t\t\t\t<div class=\"elementor-element elementor-element-6c1ce61 elementor-widget elementor-widget-google_maps\" data-id=\"6c1ce61\" data-element_type=\"widget\" data-widget_type=\"google_maps.default\">\n\t\t\t\t<div class=\"elementor-widget-container\">\n\t\t\t\t\t\t\t<div class=\"elementor-custom-embed\">\n\t\t\t<iframe loading=\"lazy\"\n\t\t\t\t\tsrc=\"https:\/\/maps.google.com\/maps?q=Assos%20Hunters&#038;t=m&#038;z=10&#038;output=embed&#038;iwloc=near\"\n\t\t\t\t\ttitle=\"Assos Hunters\"\n\t\t\t\t\taria-label=\"Assos Hunters\"\n\t\t\t><\/iframe>\n\t\t<\/div>\n\t\t\t\t\t\t<\/div>\n\t\t\t\t<\/div>\n\t\t\t\t\t<\/div>\n\t\t<\/div>\n\t\t\t\t\t<\/div>\n\t\t<\/section>\n\t\t\t\t<\/div>","protected":false},"excerpt":{"rendered":"<p>Apart from the open address, phone and e-mail, you can contact us via the message form below. Kad\u0131rga Koyu, 17860 Behram\/Ayvac\u0131k\/\u00c7anakkale 0 286 764 02 82 \/ 0 542 764 02 82 WhatsApp : 0 542 282 51 56 info@assoshunters.com rezervasyon@assoshunters.com<\/p>","protected":false},"author":1,"featured_media":0,"parent":0,"menu_order":0,"comment_status":"closed","ping_status":"closed","template":"page-full-width.php","meta":{"om_disable_all_campaigns":false,"footnotes":""},"class_list":["post-3550","page","type-page","status-publish","hentry"],"yoast_head":"<!-- This site is optimized with the Yoast SEO plugin v25.6 - https:\/\/yoast.com\/wordpress\/plugins\/seo\/ -->\n<title>\u0130leti\u015fim - Assos Hunters Hotel<\/title>\n<meta name=\"robots\" content=\"index, follow, max-snippet:-1, max-image-preview:large, max-video-preview:-1\" \/>\n<link rel=\"canonical\" href=\"https:\/\/www.assoshunters.com\/en\/iletisim\/\" \/>\n<meta property=\"og:locale\" content=\"en_US\" \/>\n<meta property=\"og:type\" content=\"article\" \/>\n<meta property=\"og:title\" content=\"\u0130leti\u015fim - Assos Hunters Hotel\" \/>\n<meta property=\"og:description\" content=\"A\u00e7\u0131k Adres, telefon ve eposta d\u0131\u015f\u0131nda a\u015fa\u011f\u0131da bulunan mesaj formu ile bizimle ileti\u015fime ge\u00e7ebilirsiniz. Kad\u0131rga Koyu, 17860 Behram\/Ayvac\u0131k\/\u00c7anakkale 0 286 764 02 82\u00a0\/ 0 542 764 02 82 WhatsApp : 0 542 282 51 56 info@assoshunters.com rezervasyon@assoshunters.com\" \/>\n<meta property=\"og:url\" content=\"https:\/\/www.assoshunters.com\/en\/iletisim\/\" \/>\n<meta property=\"og:site_name\" content=\"Assos Hunters Hotel\" \/>\n<meta property=\"article:modified_time\" content=\"2024-04-01T13:55:06+00:00\" \/>\n<meta property=\"og:image\" content=\"https:\/\/www.assoshunters.com\/wp-content\/uploads\/2020\/11\/Line-86.jpg\" \/>\n<meta name=\"twitter:card\" content=\"summary_large_image\" \/>\n<meta name=\"twitter:label1\" content=\"Est. reading time\" \/>\n\t<meta name=\"twitter:data1\" content=\"1 minute\" \/>\n<script type=\"application\/ld+json\" class=\"yoast-schema-graph\">{\"@context\":\"https:\/\/schema.org\",\"@graph\":[{\"@type\":\"WebPage\",\"@id\":\"https:\/\/www.assoshunters.com\/iletisim\/\",\"url\":\"https:\/\/www.assoshunters.com\/iletisim\/\",\"name\":\"\u0130leti\u015fim - Assos Hunters Hotel\",\"isPartOf\":{\"@id\":\"https:\/\/www.assoshunters.com\/en\/#website\"},\"primaryImageOfPage\":{\"@id\":\"https:\/\/www.assoshunters.com\/iletisim\/#primaryimage\"},\"image\":{\"@id\":\"https:\/\/www.assoshunters.com\/iletisim\/#primaryimage\"},\"thumbnailUrl\":\"https:\/\/www.assoshunters.com\/wp-content\/uploads\/2020\/11\/Line-86.jpg\",\"datePublished\":\"2020-12-02T09:13:32+00:00\",\"dateModified\":\"2024-04-01T13:55:06+00:00\",\"breadcrumb\":{\"@id\":\"https:\/\/www.assoshunters.com\/iletisim\/#breadcrumb\"},\"inLanguage\":\"en-US\",\"potentialAction\":[{\"@type\":\"ReadAction\",\"target\":[\"https:\/\/www.assoshunters.com\/iletisim\/\"]}]},{\"@type\":\"ImageObject\",\"inLanguage\":\"en-US\",\"@id\":\"https:\/\/www.assoshunters.com\/iletisim\/#primaryimage\",\"url\":\"https:\/\/www.assoshunters.com\/wp-content\/uploads\/2020\/11\/Line-86.jpg\",\"contentUrl\":\"https:\/\/www.assoshunters.com\/wp-content\/uploads\/2020\/11\/Line-86.jpg\"},{\"@type\":\"BreadcrumbList\",\"@id\":\"https:\/\/www.assoshunters.com\/iletisim\/#breadcrumb\",\"itemListElement\":[{\"@type\":\"ListItem\",\"position\":1,\"name\":\"Anasayfa\",\"item\":\"https:\/\/www.assoshunters.com\/\"},{\"@type\":\"ListItem\",\"position\":2,\"name\":\"\u0130leti\u015fim\"}]},{\"@type\":\"WebSite\",\"@id\":\"https:\/\/www.assoshunters.com\/en\/#website\",\"url\":\"https:\/\/www.assoshunters.com\/en\/\",\"name\":\"Assos Hunters Hotel\",\"description\":\"Special Class\",\"publisher\":{\"@id\":\"https:\/\/www.assoshunters.com\/en\/#organization\"},\"potentialAction\":[{\"@type\":\"SearchAction\",\"target\":{\"@type\":\"EntryPoint\",\"urlTemplate\":\"https:\/\/www.assoshunters.com\/en\/?s={search_term_string}\"},\"query-input\":{\"@type\":\"PropertyValueSpecification\",\"valueRequired\":true,\"valueName\":\"search_term_string\"}}],\"inLanguage\":\"en-US\"},{\"@type\":\"Organization\",\"@id\":\"https:\/\/www.assoshunters.com\/en\/#organization\",\"name\":\"Assos Hunters Hotel\",\"url\":\"https:\/\/www.assoshunters.com\/en\/\",\"logo\":{\"@type\":\"ImageObject\",\"inLanguage\":\"en-US\",\"@id\":\"https:\/\/www.assoshunters.com\/en\/#\/schema\/logo\/image\/\",\"url\":\"https:\/\/www.assoshunters.com\/wp-content\/uploads\/2023\/05\/logosonbyk-beyaz.png\",\"contentUrl\":\"https:\/\/www.assoshunters.com\/wp-content\/uploads\/2023\/05\/logosonbyk-beyaz.png\",\"width\":3000,\"height\":3000,\"caption\":\"Assos Hunters Hotel\"},\"image\":{\"@id\":\"https:\/\/www.assoshunters.com\/en\/#\/schema\/logo\/image\/\"}}]}<\/script>\n<!-- \/ Yoast SEO plugin. -->","yoast_head_json":{"title":"Contact - Assos Hunters Hotel","robots":{"index":"index","follow":"follow","max-snippet":"max-snippet:-1","max-image-preview":"max-image-preview:large","max-video-preview":"max-video-preview:-1"},"canonical":"https:\/\/www.assoshunters.com\/en\/iletisim\/","og_locale":"en_US","og_type":"article","og_title":"\u0130leti\u015fim - Assos Hunters Hotel","og_description":"A\u00e7\u0131k Adres, telefon ve eposta d\u0131\u015f\u0131nda a\u015fa\u011f\u0131da bulunan mesaj formu ile bizimle ileti\u015fime ge\u00e7ebilirsiniz. Kad\u0131rga Koyu, 17860 Behram\/Ayvac\u0131k\/\u00c7anakkale 0 286 764 02 82\u00a0\/ 0 542 764 02 82 WhatsApp : 0 542 282 51 56 info@assoshunters.com rezervasyon@assoshunters.com","og_url":"https:\/\/www.assoshunters.com\/en\/iletisim\/","og_site_name":"Assos Hunters Hotel","article_modified_time":"2024-04-01T13:55:06+00:00","og_image":[{"url":"https:\/\/www.assoshunters.com\/wp-content\/uploads\/2020\/11\/Line-86.jpg","type":"","width":"","height":""}],"twitter_card":"summary_large_image","twitter_misc":{"Est. reading time":"1 minute"},"schema":{"@context":"https:\/\/schema.org","@graph":[{"@type":"WebPage","@id":"https:\/\/www.assoshunters.com\/iletisim\/","url":"https:\/\/www.assoshunters.com\/iletisim\/","name":"Contact - Assos Hunters Hotel","isPartOf":{"@id":"https:\/\/www.assoshunters.com\/en\/#website"},"primaryImageOfPage":{"@id":"https:\/\/www.assoshunters.com\/iletisim\/#primaryimage"},"image":{"@id":"https:\/\/www.assoshunters.com\/iletisim\/#primaryimage"},"thumbnailUrl":"https:\/\/www.assoshunters.com\/wp-content\/uploads\/2020\/11\/Line-86.jpg","datePublished":"2020-12-02T09:13:32+00:00","dateModified":"2024-04-01T13:55:06+00:00","breadcrumb":{"@id":"https:\/\/www.assoshunters.com\/iletisim\/#breadcrumb"},"inLanguage":"en-US","potentialAction":[{"@type":"ReadAction","target":["https:\/\/www.assoshunters.com\/iletisim\/"]}]},{"@type":"ImageObject","inLanguage":"en-US","@id":"https:\/\/www.assoshunters.com\/iletisim\/#primaryimage","url":"https:\/\/www.assoshunters.com\/wp-content\/uploads\/2020\/11\/Line-86.jpg","contentUrl":"https:\/\/www.assoshunters.com\/wp-content\/uploads\/2020\/11\/Line-86.jpg"},{"@type":"BreadcrumbList","@id":"https:\/\/www.assoshunters.com\/iletisim\/#breadcrumb","itemListElement":[{"@type":"ListItem","position":1,"name":"Anasayfa","item":"https:\/\/www.assoshunters.com\/"},{"@type":"ListItem","position":2,"name":"\u0130leti\u015fim"}]},{"@type":"WebSite","@id":"https:\/\/www.assoshunters.com\/en\/#website","url":"https:\/\/www.assoshunters.com\/en\/","name":"Assos Hunters Hotel","description":"Special Class","publisher":{"@id":"https:\/\/www.assoshunters.com\/en\/#organization"},"potentialAction":[{"@type":"SearchAction","target":{"@type":"EntryPoint","urlTemplate":"https:\/\/www.assoshunters.com\/en\/?s={search_term_string}"},"query-input":{"@type":"PropertyValueSpecification","valueRequired":true,"valueName":"search_term_string"}}],"inLanguage":"en-US"},{"@type":"Organization","@id":"https:\/\/www.assoshunters.com\/en\/#organization","name":"Assos Hunters Hotel","url":"https:\/\/www.assoshunters.com\/en\/","logo":{"@type":"ImageObject","inLanguage":"en-US","@id":"https:\/\/www.assoshunters.com\/en\/#\/schema\/logo\/image\/","url":"https:\/\/www.assoshunters.com\/wp-content\/uploads\/2023\/05\/logosonbyk-beyaz.png","contentUrl":"https:\/\/www.assoshunters.com\/wp-content\/uploads\/2023\/05\/logosonbyk-beyaz.png","width":3000,"height":3000,"caption":"Assos Hunters Hotel"},"image":{"@id":"https:\/\/www.assoshunters.com\/en\/#\/schema\/logo\/image\/"}}]}},"_links":{"self":[{"href":"https:\/\/www.assoshunters.com\/en\/wp-json\/wp\/v2\/pages\/3550","targetHints":{"allow":["GET"]}}],"collection":[{"href":"https:\/\/www.assoshunters.com\/en\/wp-json\/wp\/v2\/pages"}],"about":[{"href":"https:\/\/www.assoshunters.com\/en\/wp-json\/wp\/v2\/types\/page"}],"author":[{"embeddable":true,"href":"https:\/\/www.assoshunters.com\/en\/wp-json\/wp\/v2\/users\/1"}],"replies":[{"embeddable":true,"href":"https:\/\/www.assoshunters.com\/en\/wp-json\/wp\/v2\/comments?post=3550"}],"version-history":[{"count":0,"href":"https:\/\/www.assoshunters.com\/en\/wp-json\/wp\/v2\/pages\/3550\/revisions"}],"wp:attachment":[{"href":"https:\/\/www.assoshunters.com\/en\/wp-json\/wp\/v2\/media?parent=3550"}],"curies":[{"name":"wp","href":"https:\/\/api.w.org\/{rel}","templated":true}]}}